{"id":6384,"date":"2024-01-26T01:42:23","date_gmt":"2024-01-26T00:42:23","guid":{"rendered":"https:\/\/pos.diginautic.com\/?page_id=6384"},"modified":"2024-03-24T23:21:51","modified_gmt":"2024-03-24T22:21:51","slug":"who-we-are","status":"publish","type":"page","link":"https:\/\/pos.diginautic.com\/es\/who-we-are\/","title":{"rendered":"Quienes somos"},"content":{"rendered":"<div data-elementor-type=\"wp-page\" data-elementor-id=\"6384\" class=\"elementor elementor-6384\" data-elementor-post-type=\"page\">\n\t\t\t\t\t\t<section class=\"elementor-section elementor-top-section elementor-element elementor-element-76cde06 elementor-section-boxed elementor-section-height-default elementor-section-height-default\" data-id=\"76cde06\" data-element_type=\"section\">\n\t\t\t\t\t\t<div class=\"elementor-container elementor-column-gap-default\">\n\t\t\t\t\t<div class=\"elementor-column elementor-col-100 elementor-top-column elementor-element elementor-element-b234df7\" data-id=\"b234df7\" data-element_type=\"column\">\n\t\t\t<div class=\"elementor-widget-wrap elementor-element-populated\">\n\t\t\t\t\t\t<div class=\"elementor-element elementor-element-8e71e6c elementor-widget elementor-widget-heading\" data-id=\"8e71e6c\" data-element_type=\"widget\" data-widget_type=\"heading.default\">\n\t\t\t\t<div class=\"elementor-widget-container\">\n\t\t\t<style>\/*! elementor - v3.21.0 - 08-05-2024 *\/\n.elementor-heading-title{padding:0;margin:0;line-height:1}.elementor-widget-heading .elementor-heading-title[class*=elementor-size-]>a{color:inherit;font-size:inherit;line-height:inherit}.elementor-widget-heading .elementor-heading-title.elementor-size-small{font-size:15px}.elementor-widget-heading .elementor-heading-title.elementor-size-medium{font-size:19px}.elementor-widget-heading .elementor-heading-title.elementor-size-large{font-size:29px}.elementor-widget-heading .elementor-heading-title.elementor-size-xl{font-size:39px}.elementor-widget-heading .elementor-heading-title.elementor-size-xxl{font-size:59px}<\/style><h1 class=\"elementor-heading-title elementor-size-default\">Quienes somos<\/h1>\t\t<\/div>\n\t\t\t\t<\/div>\n\t\t\t\t<section class=\"elementor-section elementor-inner-section elementor-element elementor-element-c115693 elementor-section-boxed elementor-section-height-default elementor-section-height-default\" data-id=\"c115693\" data-element_type=\"section\">\n\t\t\t\t\t\t<div class=\"elementor-container elementor-column-gap-default\">\n\t\t\t\t\t<div class=\"elementor-column elementor-col-50 elementor-inner-column elementor-element elementor-element-056194f\" data-id=\"056194f\" data-element_type=\"column\">\n\t\t\t<div class=\"elementor-widget-wrap elementor-element-populated\">\n\t\t\t\t\t\t<div class=\"elementor-element elementor-element-0e288fc elementor-widget elementor-widget-heading\" data-id=\"0e288fc\" data-element_type=\"widget\" data-widget_type=\"heading.default\">\n\t\t\t\t<div class=\"elementor-widget-container\">\n\t\t\t<h2 class=\"elementor-heading-title elementor-size-default\">Nuestra historia<\/h2>\t\t<\/div>\n\t\t\t\t<\/div>\n\t\t\t\t<div class=\"elementor-element elementor-element-675a2dc elementor-widget elementor-widget-text-editor\" data-id=\"675a2dc\" data-element_type=\"widget\" data-widget_type=\"text-editor.default\">\n\t\t\t\t<div class=\"elementor-widget-container\">\n\t\t\t<style>\/*! elementor - v3.21.0 - 08-05-2024 *\/\n.elementor-widget-text-editor.elementor-drop-cap-view-stacked .elementor-drop-cap{background-color:#69727d;color:#fff}.elementor-widget-text-editor.elementor-drop-cap-view-framed .elementor-drop-cap{color:#69727d;border:3px solid;background-color:transparent}.elementor-widget-text-editor:not(.elementor-drop-cap-view-default) .elementor-drop-cap{margin-top:8px}.elementor-widget-text-editor:not(.elementor-drop-cap-view-default) .elementor-drop-cap-letter{width:1em;height:1em}.elementor-widget-text-editor .elementor-drop-cap{float:left;text-align:center;line-height:1;font-size:50px}.elementor-widget-text-editor .elementor-drop-cap-letter{display:inline-block}<\/style>\t\t\t\t<p>Diginautic naci\u00f3 en Espa\u00f1a, en el sur de Andaluc\u00eda, en Benalm\u00e1dena (M\u00e1laga), a partir de la reuni\u00f3n de 4 de los pap\u00e1s a la salida de la escuela de sus hijos.<\/p><p>4 pap\u00e1s apasionado de los barcos, mar, aire, y la tecnolog\u00eda que, a trav\u00e9s de sus discusiones, decidi\u00f3 combinar sus habilidades para resolver ciertas peque\u00f1as cosas y sobre todo para servir a los profesionales del sector n\u00e1utico en la regi\u00f3n.<\/p>\t\t\t\t\t\t<\/div>\n\t\t\t\t<\/div>\n\t\t\t\t\t<\/div>\n\t\t<\/div>\n\t\t\t\t<div class=\"elementor-column elementor-col-50 elementor-inner-column elementor-element elementor-element-24b3d4e\" data-id=\"24b3d4e\" data-element_type=\"column\">\n\t\t\t<div class=\"elementor-widget-wrap elementor-element-populated\">\n\t\t\t\t\t\t<div class=\"elementor-element elementor-element-cfdb9b9 elementor-widget elementor-widget-image\" data-id=\"cfdb9b9\" data-element_type=\"widget\" data-widget_type=\"image.default\">\n\t\t\t\t<div class=\"elementor-widget-container\">\n\t\t\t<style>\/*! elementor - v3.21.0 - 08-05-2024 *\/\n.elementor-widget-image{text-align:center}.elementor-widget-image a{display:inline-block}.elementor-widget-image a img[src$=\".svg\"]{width:48px}.elementor-widget-image img{vertical-align:middle;display:inline-block}<\/style>\t\t\t\t\t\t\t\t\t\t<img decoding=\"async\" src=\"https:\/\/pos.diginautic.com\/wp-content\/uploads\/2024\/03\/Digiteam-640x640.jpg\" title=\"Digiteam\" alt=\"Fondateurs Diginautic\" loading=\"lazy\" \/>\t\t\t\t\t\t\t\t\t\t\t\t\t<\/div>\n\t\t\t\t<\/div>\n\t\t\t\t\t<\/div>\n\t\t<\/div>\n\t\t\t\t\t<\/div>\n\t\t<\/section>\n\t\t\t\t<div class=\"elementor-element elementor-element-ae9e178 elementor-widget elementor-widget-heading\" data-id=\"ae9e178\" data-element_type=\"widget\" data-widget_type=\"heading.default\">\n\t\t\t\t<div class=\"elementor-widget-container\">\n\t\t\t<h3 class=\"elementor-heading-title elementor-size-default\">Jean Marc Lazzari<\/h3>\t\t<\/div>\n\t\t\t\t<\/div>\n\t\t\t\t<div class=\"elementor-element elementor-element-e40011d elementor-widget elementor-widget-text-editor\" data-id=\"e40011d\" data-element_type=\"widget\" data-widget_type=\"text-editor.default\">\n\t\t\t\t<div class=\"elementor-widget-container\">\n\t\t\t\t\t\t\t<p>Empresarial\/Emprendedor, con sede en Finlandia, estados UNIDOS y Francia, lo que ha creado, adquirido, que se vende, y se transforma de varias empresas en Tecnolog\u00eda, Software y Servicios de industrias; ha desarrollado negocios y entrega de lucro en medianas y grandes, nacionales y globales de las organizaciones.<\/p><p>L\u00edder de negocios, los resultados y orientado al equipo, ha conseguido P&amp;L de alto valor de Software y Servicios, ha tomado la responsabilidad para el desarrollo estrat\u00e9gico, el rendimiento financiero y de reputaci\u00f3n; se ha desarrollado un modelo coherente y de alto rendimiento, equipo de alta direcci\u00f3n, con un fortalecimiento de la cultura de desempe\u00f1o y capacidad de ejecuci\u00f3n;<\/p><p>Ha demostrado la capacidad para la toma de las manos y de dif\u00edcil aproximaci\u00f3n a la realizaci\u00f3n de negocios as\u00ed como crecer de sonido de negocios superiores a los del mercado durante un per\u00edodo continuado. Digital y SaaS transformador.<\/p><p>Perfil internacional, con experiencia de negocios en Francia, Europa, Norte de \u00c1frica, India, y en una escala global.<\/p><p>Innovador, ha presentado varias patentes de alta tecnolog\u00eda y es un reconocido orador principal en los negocios y las tendencias de la tecnolog\u00eda.<\/p>\t\t\t\t\t\t<\/div>\n\t\t\t\t<\/div>\n\t\t\t\t<div class=\"elementor-element elementor-element-df6b3d2 elementor-widget elementor-widget-heading\" data-id=\"df6b3d2\" data-element_type=\"widget\" data-widget_type=\"heading.default\">\n\t\t\t\t<div class=\"elementor-widget-container\">\n\t\t\t<h3 class=\"elementor-heading-title elementor-size-default\">Pascal Pourqui\u00e9<\/h3>\t\t<\/div>\n\t\t\t\t<\/div>\n\t\t\t\t<div class=\"elementor-element elementor-element-5916b39 elementor-widget elementor-widget-text-editor\" data-id=\"5916b39\" data-element_type=\"widget\" data-widget_type=\"text-editor.default\">\n\t\t\t\t<div class=\"elementor-widget-container\">\n\t\t\t\t\t\t\t<p>Expatriados durante muchos a\u00f1os en M\u00e9xico y ahora en Espa\u00f1a, Pascal siempre ha trabajado en el turismo, el ocio y el mundo de la noche.<\/p><p>Ahora se pone esta experiencia en el servicio de Diginautic para siempre mejorar nuestros clientes la experiencia.<\/p>\t\t\t\t\t\t<\/div>\n\t\t\t\t<\/div>\n\t\t\t\t<div class=\"elementor-element elementor-element-7a90d3a elementor-widget elementor-widget-heading\" data-id=\"7a90d3a\" data-element_type=\"widget\" data-widget_type=\"heading.default\">\n\t\t\t\t<div class=\"elementor-widget-container\">\n\t\t\t<h3 class=\"elementor-heading-title elementor-size-default\">Sebastien Fleury<\/h3>\t\t<\/div>\n\t\t\t\t<\/div>\n\t\t\t\t<div class=\"elementor-element elementor-element-381f2e3 elementor-widget elementor-widget-text-editor\" data-id=\"381f2e3\" data-element_type=\"widget\" data-widget_type=\"text-editor.default\">\n\t\t\t\t<div class=\"elementor-widget-container\">\n\t\t\t\t\t\t\t<p>\u00c9l es un apasionado del desarrollo de las personas, reclutamiento, entrenamiento, y liderando equipos altamente eficaces a los individuos para ayudarles a convertirse en los artistas int\u00e9rpretes o ejecutantes.<\/p><p>Mientras que \u00e9l est\u00e1 orientada a los objetivos, \u00e9l realmente cree que una actitud positiva, una buena planificaci\u00f3n, organizaci\u00f3n y ejecuci\u00f3n son la clave para el logro de la meta del \u00e9xito.<\/p><p>Al establecer metas, \u00e9l cree que esta combinaci\u00f3n es de vital importancia. \u00c9l piensa que la diferencia entre un sue\u00f1o o una lista de deseos y una meta que es la capacidad para planificar, seguir y, a continuaci\u00f3n, ejecutar este plan.<\/p><p>Uno de sus lemas es &#034;La \u00fanica cosa entre usted y su objetivo es la historia que sigue dici\u00e9ndose a s\u00ed mismo de por qu\u00e9 no se puede lograr.&#034;<\/p><p>Con m\u00e1s de 25 a\u00f1os de \u00e9xito en ventas en una variedad de funciones, tanto de peque\u00f1o como de gran tama\u00f1o de las organizaciones, su pasi\u00f3n es ahora acerca de la construcci\u00f3n de equipos y l\u00edder de los vendedores de tener la actitud correcta, de ser profesional, y hacer negocios con integridad.<\/p>\t\t\t\t\t\t<\/div>\n\t\t\t\t<\/div>\n\t\t\t\t<div class=\"elementor-element elementor-element-5da1df9 elementor-widget elementor-widget-heading\" data-id=\"5da1df9\" data-element_type=\"widget\" data-widget_type=\"heading.default\">\n\t\t\t\t<div class=\"elementor-widget-container\">\n\t\t\t<h3 class=\"elementor-heading-title elementor-size-default\">Ludovic Fernez<\/h3>\t\t<\/div>\n\t\t\t\t<\/div>\n\t\t\t\t<div class=\"elementor-element elementor-element-741442e elementor-widget elementor-widget-text-editor\" data-id=\"741442e\" data-element_type=\"widget\" data-widget_type=\"text-editor.default\">\n\t\t\t\t<div class=\"elementor-widget-container\">\n\t\t\t\t\t\t\t<p>Un profesional de TI (infraestructura y almacenamiento de datos) y creador de sitios web y servicios web para mayores de 25 a\u00f1os.<\/p><p>Ludovic se traslad\u00f3 a Espa\u00f1a a cambio de su vida y continuar su carrera como freelancer.<\/p><p>\u00c9l tambi\u00e9n viene de una familia de marineros, donde la vocaci\u00f3n se pasa de padre a hijo.<\/p><p>Habiendo convertido oficialmente en un creador de sitios web y plataformas de comercio electr\u00f3nico en M\u00e1laga y su regi\u00f3n, es natural que ahora gestiona el aspecto tecnol\u00f3gico de nuestro barco de alquiler de plataforma DigiNautic.<\/p>\t\t\t\t\t\t<\/div>\n\t\t\t\t<\/div>\n\t\t\t\t\t<\/div>\n\t\t<\/div>\n\t\t\t\t\t<\/div>\n\t\t<\/section>\n\t\t\t\t<\/div>","protected":false},"excerpt":{"rendered":"<p>Who we are Our story Diginautic was born in Spain, in the south of Andalusia in Benalmadena (Malaga), from the meeting of 4 dads at the exit of their children&#8217;s school. 4 dads passionate about boats, sea air, and technology who, over their discussions, decided to combine their skills to solve certain little things and [&hellip;]<\/p>","protected":false},"author":5,"featured_media":0,"parent":0,"menu_order":0,"comment_status":"closed","ping_status":"closed","template":"","meta":{"_acf_changed":false,"footnotes":""},"class_list":["post-6384","page","type-page","status-publish","hentry"],"acf":[],"_links":{"self":[{"href":"https:\/\/pos.diginautic.com\/es\/wp-json\/wp\/v2\/pages\/6384","targetHints":{"allow":["GET"]}}],"collection":[{"href":"https:\/\/pos.diginautic.com\/es\/wp-json\/wp\/v2\/pages"}],"about":[{"href":"https:\/\/pos.diginautic.com\/es\/wp-json\/wp\/v2\/types\/page"}],"author":[{"embeddable":true,"href":"https:\/\/pos.diginautic.com\/es\/wp-json\/wp\/v2\/users\/5"}],"replies":[{"embeddable":true,"href":"https:\/\/pos.diginautic.com\/es\/wp-json\/wp\/v2\/comments?post=6384"}],"version-history":[{"count":3,"href":"https:\/\/pos.diginautic.com\/es\/wp-json\/wp\/v2\/pages\/6384\/revisions"}],"predecessor-version":[{"id":7285,"href":"https:\/\/pos.diginautic.com\/es\/wp-json\/wp\/v2\/pages\/6384\/revisions\/7285"}],"wp:attachment":[{"href":"https:\/\/pos.diginautic.com\/es\/wp-json\/wp\/v2\/media?parent=6384"}],"curies":[{"name":"wp","href":"https:\/\/api.w.org\/{rel}","templated":true}]}}