{"id":7309,"date":"2024-04-01T15:59:36","date_gmt":"2024-04-01T13:59:36","guid":{"rendered":"https:\/\/pos.diginautic.com\/?post_type=product&#038;p=7309"},"modified":"2024-05-25T15:24:40","modified_gmt":"2024-05-25T13:24:40","slug":"sunset-fuengirola","status":"publish","type":"product","link":"https:\/\/pos.diginautic.com\/es\/p\/sunset-fuengirola\/","title":{"rendered":"Puesta De Sol Fuengirola"},"content":{"rendered":"<p><strong>Puesta del sol-Fuengirola Excursi\u00f3n: el Lujo y la puesta de sol Inolvidable<\/strong><\/p>\n<p>El precio que se muestra de dos horas de crucero\/persona. 4person\/mini<\/p>\n<p>Paso a bordo del Majestuoso-390 para una noche m\u00e1gica en Fuengirola. Disfrute de una cena acompa\u00f1ada por una selecci\u00f3n de vinos y champ\u00e1n como se pone el sol sobre el Mediterr\u00e1neo. La experiencia \u00edntima de crucero a lo largo de la Costa del Sol, creando recuerdo \u00fanico con la puesta del sol-Fuengirola.<\/p>\n<p>Reserve ahora para una experiencia inolvidable!<\/p>","protected":false},"excerpt":{"rendered":"<p>Sunset-Fuengirola Excursion: Luxury and Unforgettable Sunset The price displayed for a two-hour cruise\/person. 4person\/mini Step aboard the Majestic-390 for a magical evening in Fuengirola. Enjoy a dinner accompanied by a selection of wines and champagne as the sun sets over the Mediterranean. Experience an intimate cruise along the Costa del Sol, creating unique memories with [&hellip;]<\/p>","protected":false},"author":8,"featured_media":8683,"comment_status":"open","ping_status":"closed","template":"","meta":{"_acf_changed":false},"product_cat":[77],"product_tag":[119],"class_list":{"0":"post-7309","1":"product","2":"type-product","3":"status-publish","4":"has-post-thumbnail","6":"product_cat-motorboat","7":"product_tag-diginautic","9":"first","10":"instock","11":"virtual","12":"taxable","13":"purchasable","14":"product-type-appointment"},"acf":[],"_links":{"self":[{"href":"https:\/\/pos.diginautic.com\/es\/wp-json\/wp\/v2\/product\/7309","targetHints":{"allow":["GET"]}}],"collection":[{"href":"https:\/\/pos.diginautic.com\/es\/wp-json\/wp\/v2\/product"}],"about":[{"href":"https:\/\/pos.diginautic.com\/es\/wp-json\/wp\/v2\/types\/product"}],"author":[{"embeddable":true,"href":"https:\/\/pos.diginautic.com\/es\/wp-json\/wp\/v2\/users\/8"}],"replies":[{"embeddable":true,"href":"https:\/\/pos.diginautic.com\/es\/wp-json\/wp\/v2\/comments?post=7309"}],"version-history":[{"count":4,"href":"https:\/\/pos.diginautic.com\/es\/wp-json\/wp\/v2\/product\/7309\/revisions"}],"predecessor-version":[{"id":9722,"href":"https:\/\/pos.diginautic.com\/es\/wp-json\/wp\/v2\/product\/7309\/revisions\/9722"}],"wp:featuredmedia":[{"embeddable":true,"href":"https:\/\/pos.diginautic.com\/es\/wp-json\/wp\/v2\/media\/8683"}],"wp:attachment":[{"href":"https:\/\/pos.diginautic.com\/es\/wp-json\/wp\/v2\/media?parent=7309"}],"wp:term":[{"taxonomy":"product_cat","embeddable":true,"href":"https:\/\/pos.diginautic.com\/es\/wp-json\/wp\/v2\/product_cat?post=7309"},{"taxonomy":"product_tag","embeddable":true,"href":"https:\/\/pos.diginautic.com\/es\/wp-json\/wp\/v2\/product_tag?post=7309"}],"curies":[{"name":"wp","href":"https:\/\/api.w.org\/{rel}","templated":true}]}}