{"id":7333,"date":"2024-04-03T06:01:28","date_gmt":"2024-04-03T04:01:28","guid":{"rendered":"https:\/\/pos.diginautic.com\/?post_type=product&#038;p=7333"},"modified":"2024-05-25T02:15:33","modified_gmt":"2024-05-25T00:15:33","slug":"sunrise-fuengirola","status":"publish","type":"product","link":"https:\/\/pos.diginautic.com\/es\/p\/sunrise-fuengirola\/","title":{"rendered":"Amanecer Fuengirola"},"content":{"rendered":"<p><strong>Salida del sol-Fuengirola Excursi\u00f3n: el Lujo y el Amanecer Inolvidable<\/strong><\/p>\n<p>El precio que se muestra de dos horas de crucero\/persona. 4person\/mini<\/p>\n<p>Paso a bordo del Majestuoso-390 para una encantadora ma\u00f1ana en Fuengirola. Disfrute de un desayuno gourmet como ver la salida del sol sobre el Mediterr\u00e1neo. La experiencia \u00edntima de crucero a lo largo de la Costa del Sol, creando recuerdo \u00fanico con la salida del sol-Fuengirola.<\/p>\n<p>Reserve ahora para una experiencia inolvidable!<\/p>","protected":false},"excerpt":{"rendered":"<p>Sunrise-Fuengirola Excursion: Luxury and Unforgettable Sunrise The price displayed for a two-hour cruise\/person. 4person\/mini Step aboard the Majestic-390 for an enchanting morning in Fuengirola. Enjoy a gourmet breakfast as you watch the sunrise over the Mediterranean. Experience an intimate cruise along the Costa del Sol, creating unique memories with Sunrise-Fuengirola. Book now for an unforgettable [&hellip;]<\/p>","protected":false},"author":8,"featured_media":8680,"comment_status":"open","ping_status":"closed","template":"","meta":{"_acf_changed":false},"product_cat":[77],"product_tag":[119],"class_list":{"0":"post-7333","1":"product","2":"type-product","3":"status-publish","4":"has-post-thumbnail","6":"product_cat-motorboat","7":"product_tag-diginautic","9":"first","10":"instock","11":"virtual","12":"taxable","13":"purchasable","14":"product-type-appointment"},"acf":[],"_links":{"self":[{"href":"https:\/\/pos.diginautic.com\/es\/wp-json\/wp\/v2\/product\/7333","targetHints":{"allow":["GET"]}}],"collection":[{"href":"https:\/\/pos.diginautic.com\/es\/wp-json\/wp\/v2\/product"}],"about":[{"href":"https:\/\/pos.diginautic.com\/es\/wp-json\/wp\/v2\/types\/product"}],"author":[{"embeddable":true,"href":"https:\/\/pos.diginautic.com\/es\/wp-json\/wp\/v2\/users\/8"}],"replies":[{"embeddable":true,"href":"https:\/\/pos.diginautic.com\/es\/wp-json\/wp\/v2\/comments?post=7333"}],"version-history":[{"count":4,"href":"https:\/\/pos.diginautic.com\/es\/wp-json\/wp\/v2\/product\/7333\/revisions"}],"predecessor-version":[{"id":9824,"href":"https:\/\/pos.diginautic.com\/es\/wp-json\/wp\/v2\/product\/7333\/revisions\/9824"}],"wp:featuredmedia":[{"embeddable":true,"href":"https:\/\/pos.diginautic.com\/es\/wp-json\/wp\/v2\/media\/8680"}],"wp:attachment":[{"href":"https:\/\/pos.diginautic.com\/es\/wp-json\/wp\/v2\/media?parent=7333"}],"wp:term":[{"taxonomy":"product_cat","embeddable":true,"href":"https:\/\/pos.diginautic.com\/es\/wp-json\/wp\/v2\/product_cat?post=7333"},{"taxonomy":"product_tag","embeddable":true,"href":"https:\/\/pos.diginautic.com\/es\/wp-json\/wp\/v2\/product_tag?post=7333"}],"curies":[{"name":"wp","href":"https:\/\/api.w.org\/{rel}","templated":true}]}}