{"id":6384,"date":"2024-01-26T01:42:23","date_gmt":"2024-01-26T00:42:23","guid":{"rendered":"https:\/\/pos.diginautic.com\/?page_id=6384"},"modified":"2024-03-24T23:21:51","modified_gmt":"2024-03-24T22:21:51","slug":"who-we-are","status":"publish","type":"page","link":"https:\/\/pos.diginautic.com\/fr\/who-we-are\/","title":{"rendered":"Qui nous sommes"},"content":{"rendered":"<div data-elementor-type=\"wp-page\" data-elementor-id=\"6384\" class=\"elementor elementor-6384\" data-elementor-post-type=\"page\">\n\t\t\t\t\t\t<section class=\"elementor-section elementor-top-section elementor-element elementor-element-76cde06 elementor-section-boxed elementor-section-height-default elementor-section-height-default\" data-id=\"76cde06\" data-element_type=\"section\">\n\t\t\t\t\t\t<div class=\"elementor-container elementor-column-gap-default\">\n\t\t\t\t\t<div class=\"elementor-column elementor-col-100 elementor-top-column elementor-element elementor-element-b234df7\" data-id=\"b234df7\" data-element_type=\"column\">\n\t\t\t<div class=\"elementor-widget-wrap elementor-element-populated\">\n\t\t\t\t\t\t<div class=\"elementor-element elementor-element-8e71e6c elementor-widget elementor-widget-heading\" data-id=\"8e71e6c\" data-element_type=\"widget\" data-widget_type=\"heading.default\">\n\t\t\t\t<div class=\"elementor-widget-container\">\n\t\t\t<style>\/*! elementor - v3.21.0 - 08-05-2024 *\/\n.elementor-heading-title{padding:0;margin:0;line-height:1}.elementor-widget-heading .elementor-heading-title[class*=elementor-size-]>a{color:inherit;font-size:inherit;line-height:inherit}.elementor-widget-heading .elementor-heading-title.elementor-size-small{font-size:15px}.elementor-widget-heading .elementor-heading-title.elementor-size-medium{font-size:19px}.elementor-widget-heading .elementor-heading-title.elementor-size-large{font-size:29px}.elementor-widget-heading .elementor-heading-title.elementor-size-xl{font-size:39px}.elementor-widget-heading .elementor-heading-title.elementor-size-xxl{font-size:59px}<\/style><h1 class=\"elementor-heading-title elementor-size-default\">Qui nous sommes<\/h1>\t\t<\/div>\n\t\t\t\t<\/div>\n\t\t\t\t<section class=\"elementor-section elementor-inner-section elementor-element elementor-element-c115693 elementor-section-boxed elementor-section-height-default elementor-section-height-default\" data-id=\"c115693\" data-element_type=\"section\">\n\t\t\t\t\t\t<div class=\"elementor-container elementor-column-gap-default\">\n\t\t\t\t\t<div class=\"elementor-column elementor-col-50 elementor-inner-column elementor-element elementor-element-056194f\" data-id=\"056194f\" data-element_type=\"column\">\n\t\t\t<div class=\"elementor-widget-wrap elementor-element-populated\">\n\t\t\t\t\t\t<div class=\"elementor-element elementor-element-0e288fc elementor-widget elementor-widget-heading\" data-id=\"0e288fc\" data-element_type=\"widget\" data-widget_type=\"heading.default\">\n\t\t\t\t<div class=\"elementor-widget-container\">\n\t\t\t<h2 class=\"elementor-heading-title elementor-size-default\">Notre histoire<\/h2>\t\t<\/div>\n\t\t\t\t<\/div>\n\t\t\t\t<div class=\"elementor-element elementor-element-675a2dc elementor-widget elementor-widget-text-editor\" data-id=\"675a2dc\" data-element_type=\"widget\" data-widget_type=\"text-editor.default\">\n\t\t\t\t<div class=\"elementor-widget-container\">\n\t\t\t<style>\/*! elementor - v3.21.0 - 08-05-2024 *\/\n.elementor-widget-text-editor.elementor-drop-cap-view-stacked .elementor-drop-cap{background-color:#69727d;color:#fff}.elementor-widget-text-editor.elementor-drop-cap-view-framed .elementor-drop-cap{color:#69727d;border:3px solid;background-color:transparent}.elementor-widget-text-editor:not(.elementor-drop-cap-view-default) .elementor-drop-cap{margin-top:8px}.elementor-widget-text-editor:not(.elementor-drop-cap-view-default) .elementor-drop-cap-letter{width:1em;height:1em}.elementor-widget-text-editor .elementor-drop-cap{float:left;text-align:center;line-height:1;font-size:50px}.elementor-widget-text-editor .elementor-drop-cap-letter{display:inline-block}<\/style>\t\t\t\t<p>Diginautic est n\u00e9 en Espagne, dans le sud de l&#039;Andalousie \u00e0 Benalmadena (Malaga), \u00e0 partir de la r\u00e9union du 4 papas \u00e0 la sortie de leurs enfants \u00e0 l&#039;\u00e9cole.<\/p><p>4 papas passionn\u00e9s de bateaux, mer, air, et de la technologie qui, au cours de leurs discussions, ont d\u00e9cid\u00e9 d&#039;unir leurs comp\u00e9tences pour r\u00e9soudre certaines petites choses et surtout \u00e0 servir les professionnels de la fili\u00e8re nautique dans la r\u00e9gion.<\/p>\t\t\t\t\t\t<\/div>\n\t\t\t\t<\/div>\n\t\t\t\t\t<\/div>\n\t\t<\/div>\n\t\t\t\t<div class=\"elementor-column elementor-col-50 elementor-inner-column elementor-element elementor-element-24b3d4e\" data-id=\"24b3d4e\" data-element_type=\"column\">\n\t\t\t<div class=\"elementor-widget-wrap elementor-element-populated\">\n\t\t\t\t\t\t<div class=\"elementor-element elementor-element-cfdb9b9 elementor-widget elementor-widget-image\" data-id=\"cfdb9b9\" data-element_type=\"widget\" data-widget_type=\"image.default\">\n\t\t\t\t<div class=\"elementor-widget-container\">\n\t\t\t<style>\/*! elementor - v3.21.0 - 08-05-2024 *\/\n.elementor-widget-image{text-align:center}.elementor-widget-image a{display:inline-block}.elementor-widget-image a img[src$=\".svg\"]{width:48px}.elementor-widget-image img{vertical-align:middle;display:inline-block}<\/style>\t\t\t\t\t\t\t\t\t\t<img decoding=\"async\" src=\"https:\/\/pos.diginautic.com\/wp-content\/uploads\/2024\/03\/Digiteam-640x640.jpg\" title=\"Digiteam\" alt=\"Fondateurs Diginautic\" loading=\"lazy\" \/>\t\t\t\t\t\t\t\t\t\t\t\t\t<\/div>\n\t\t\t\t<\/div>\n\t\t\t\t\t<\/div>\n\t\t<\/div>\n\t\t\t\t\t<\/div>\n\t\t<\/section>\n\t\t\t\t<div class=\"elementor-element elementor-element-ae9e178 elementor-widget elementor-widget-heading\" data-id=\"ae9e178\" data-element_type=\"widget\" data-widget_type=\"heading.default\">\n\t\t\t\t<div class=\"elementor-widget-container\">\n\t\t\t<h3 class=\"elementor-heading-title elementor-size-default\">Jean-Marc Lazzari<\/h3>\t\t<\/div>\n\t\t\t\t<\/div>\n\t\t\t\t<div class=\"elementor-element elementor-element-e40011d elementor-widget elementor-widget-text-editor\" data-id=\"e40011d\" data-element_type=\"widget\" data-widget_type=\"text-editor.default\">\n\t\t\t\t<div class=\"elementor-widget-container\">\n\t\t\t\t\t\t\t<p>D&#039;entreprise\/Entrepreneur, bas\u00e9e en Finlande, etats-unis, et en France, il a cr\u00e9\u00e9, d&#039;acquisition, de vente, et transform\u00e9 plusieurs entreprises de la Tech, Logiciels &amp; Services industries; a d\u00e9velopp\u00e9 des entreprises et livr\u00e9 lucratif en grande et moyenne taille, les entreprises nationales et internationales.<\/p><p>Chef d&#039;entreprise, les r\u00e9sultats et ax\u00e9 sur l&#039;\u00e9quipe, a r\u00e9ussi avec de P&amp;L de grande valeur, de Logiciels et de Services; a pris la responsabilit\u00e9 du d\u00e9veloppement strat\u00e9gique, de la performance financi\u00e8re, et de la r\u00e9putation; a d\u00e9velopp\u00e9 une coh\u00e9sion et performant de l&#039;\u00e9quipe de direction, avec un renforcement de la culture de la performance et de la capacit\u00e9 d&#039;ex\u00e9cution;<\/p><p>A d\u00e9montr\u00e9 sa capacit\u00e9 \u00e0 prendre en mains et difficile d&#039;approche de la performance des entreprises ainsi qu&#039;\u00e0 augmenter le son des entreprises de march\u00e9 ci-dessus pour une poursuite de la p\u00e9riode. Num\u00e9rique et SaaS transformateur.<\/p><p>Profil International, ayant l&#039;exp\u00e9rience des affaires en France, en Europe, Afrique du Nord, en Inde, et \u00e0 une \u00e9chelle mondiale.<\/p><p>Innovateur, il a d\u00e9pos\u00e9 plusieurs brevets dans le high-tech et est reconnue un conf\u00e9rencier principal d&#039;affaires et les tendances technologiques.<\/p>\t\t\t\t\t\t<\/div>\n\t\t\t\t<\/div>\n\t\t\t\t<div class=\"elementor-element elementor-element-df6b3d2 elementor-widget elementor-widget-heading\" data-id=\"df6b3d2\" data-element_type=\"widget\" data-widget_type=\"heading.default\">\n\t\t\t\t<div class=\"elementor-widget-container\">\n\t\t\t<h3 class=\"elementor-heading-title elementor-size-default\">Pascal Pourqui\u00e9<\/h3>\t\t<\/div>\n\t\t\t\t<\/div>\n\t\t\t\t<div class=\"elementor-element elementor-element-5916b39 elementor-widget elementor-widget-text-editor\" data-id=\"5916b39\" data-element_type=\"widget\" data-widget_type=\"text-editor.default\">\n\t\t\t\t<div class=\"elementor-widget-container\">\n\t\t\t\t\t\t\t<p>Expatri\u00e9 depuis de nombreuses ann\u00e9es au Mexique et en Espagne, Pascal a toujours travaill\u00e9 dans le tourisme, les loisirs, et le monde de la nuit.<\/p><p>Il met cette exp\u00e9rience au service de Diginautic pour toujours am\u00e9liorer notre exp\u00e9rience des clients.<\/p>\t\t\t\t\t\t<\/div>\n\t\t\t\t<\/div>\n\t\t\t\t<div class=\"elementor-element elementor-element-7a90d3a elementor-widget elementor-widget-heading\" data-id=\"7a90d3a\" data-element_type=\"widget\" data-widget_type=\"heading.default\">\n\t\t\t\t<div class=\"elementor-widget-container\">\n\t\t\t<h3 class=\"elementor-heading-title elementor-size-default\">S\u00e9bastien Fleury<\/h3>\t\t<\/div>\n\t\t\t\t<\/div>\n\t\t\t\t<div class=\"elementor-element elementor-element-381f2e3 elementor-widget elementor-widget-text-editor\" data-id=\"381f2e3\" data-element_type=\"widget\" data-widget_type=\"text-editor.default\">\n\t\t\t\t<div class=\"elementor-widget-container\">\n\t\t\t\t\t\t\t<p>Il est passionn\u00e9 de d\u00e9veloppement des ressources humaines, le recrutement, le coaching, et de diriger des \u00e9quipes tr\u00e8s efficaces de personnes pour les aider \u00e0 devenir plus performants.<\/p><p>Alors qu&#039;il est ax\u00e9e sur la cible, il croit vraiment qu&#039;une attitude positive, une bonne planification, l&#039;organisation et l&#039;ex\u00e9cution sont la cl\u00e9 de la r\u00e9alisation de l&#039;objectif de r\u00e9ussite.<\/p><p>Lors de la d\u00e9finition des objectifs, il estime que cette combinaison est essentielle. Il pense que la diff\u00e9rence entre un r\u00eave ou d&#039;une liste de souhaits et d&#039;un objectif est la capacit\u00e9 \u00e0 planifier, suivre, puis ex\u00e9cuter ce plan.<\/p><p>Une de ses devises est, \u201cLa seule chose entre vous et votre objectif est l&#039;histoire que vous gardez en vous disant pourquoi vous ne pouvez pas l&#039;atteindre.\u201d<\/p><p>Avec plus de 25 ans de succ\u00e8s en vente dans une vari\u00e9t\u00e9 de r\u00f4les dans les deux petites et grandes entreprises, sa passion est maintenant de construire des \u00e9quipes et des principaux vendeurs d&#039;avoir la bonne attitude, \u00eatre professionnel, et de faire des affaires avec int\u00e9grit\u00e9.<\/p>\t\t\t\t\t\t<\/div>\n\t\t\t\t<\/div>\n\t\t\t\t<div class=\"elementor-element elementor-element-5da1df9 elementor-widget elementor-widget-heading\" data-id=\"5da1df9\" data-element_type=\"widget\" data-widget_type=\"heading.default\">\n\t\t\t\t<div class=\"elementor-widget-container\">\n\t\t\t<h3 class=\"elementor-heading-title elementor-size-default\">Ludovic Fernez<\/h3>\t\t<\/div>\n\t\t\t\t<\/div>\n\t\t\t\t<div class=\"elementor-element elementor-element-741442e elementor-widget elementor-widget-text-editor\" data-id=\"741442e\" data-element_type=\"widget\" data-widget_type=\"text-editor.default\">\n\t\t\t\t<div class=\"elementor-widget-container\">\n\t\t\t\t\t\t\t<p>Un professionnel de l&#039;informatique (infrastructure et de stockage de donn\u00e9es) et cr\u00e9ateur de sites web et de services web pour plus de 25 ans.<\/p><p>Ludovic a d\u00e9m\u00e9nag\u00e9 en Espagne pour changer sa vie et de continuer sa carri\u00e8re en tant qu'ind\u00e9pendant.<\/p><p>Il vient aussi d&#039;une famille de bateliers o\u00f9 la vocation est transmis de p\u00e8re en fils.<\/p><p>Officiellement devenu cr\u00e9ateur de sites web et de plateformes d'e-commerce a Malaga et sa r\u00e9gion, il est tout naturel qu'il s'occupe d\u00e9sormais de l'aspect technologique de notre plate-forme de location de bateaux DigiNautic.<\/p>\t\t\t\t\t\t<\/div>\n\t\t\t\t<\/div>\n\t\t\t\t\t<\/div>\n\t\t<\/div>\n\t\t\t\t\t<\/div>\n\t\t<\/section>\n\t\t\t\t<\/div>","protected":false},"excerpt":{"rendered":"<p>Who we are Our story Diginautic was born in Spain, in the south of Andalusia in Benalmadena (Malaga), from the meeting of 4 dads at the exit of their children&#8217;s school. 4 dads passionate about boats, sea air, and technology who, over their discussions, decided to combine their skills to solve certain little things and [&hellip;]<\/p>","protected":false},"author":5,"featured_media":0,"parent":0,"menu_order":0,"comment_status":"closed","ping_status":"closed","template":"","meta":{"_acf_changed":false,"footnotes":""},"class_list":["post-6384","page","type-page","status-publish","hentry"],"acf":[],"_links":{"self":[{"href":"https:\/\/pos.diginautic.com\/fr\/wp-json\/wp\/v2\/pages\/6384","targetHints":{"allow":["GET"]}}],"collection":[{"href":"https:\/\/pos.diginautic.com\/fr\/wp-json\/wp\/v2\/pages"}],"about":[{"href":"https:\/\/pos.diginautic.com\/fr\/wp-json\/wp\/v2\/types\/page"}],"author":[{"embeddable":true,"href":"https:\/\/pos.diginautic.com\/fr\/wp-json\/wp\/v2\/users\/5"}],"replies":[{"embeddable":true,"href":"https:\/\/pos.diginautic.com\/fr\/wp-json\/wp\/v2\/comments?post=6384"}],"version-history":[{"count":3,"href":"https:\/\/pos.diginautic.com\/fr\/wp-json\/wp\/v2\/pages\/6384\/revisions"}],"predecessor-version":[{"id":7285,"href":"https:\/\/pos.diginautic.com\/fr\/wp-json\/wp\/v2\/pages\/6384\/revisions\/7285"}],"wp:attachment":[{"href":"https:\/\/pos.diginautic.com\/fr\/wp-json\/wp\/v2\/media?parent=6384"}],"curies":[{"name":"wp","href":"https:\/\/api.w.org\/{rel}","templated":true}]}}