{"id":6548,"date":"2024-03-20T12:08:18","date_gmt":"2024-03-20T11:08:18","guid":{"rendered":"https:\/\/pos.diginautic.com\/?post_type=product&#038;p=6548"},"modified":"2024-06-08T15:38:58","modified_gmt":"2024-06-08T13:38:58","slug":"speedboat-fuengirola","status":"publish","type":"product","link":"https:\/\/pos.diginautic.com\/fr\/p\/speedboat-fuengirola\/","title":{"rendered":"Speedboat  Fuengirola"},"content":{"rendered":"<p>D\u00e9couvrez le Frisson d&#039;une Vie gr\u00e2ce \u00e0 Notre technologie Exclusive de 10 personnes Vedette de l&#039;Aventure! Pr\u00e9parez-vous \u00e0 sentir la mont\u00e9e d&#039;adr\u00e9naline que vous effectuez un zoom \u00e0 travers les vagues \u00e0 des vitesses vertigineuses. Et ce n&#039;est pas tout \u2013 immergez-vous dans la beaut\u00e9 de la nature, nous vous emmenons au premier spots pour l&#039;observation de dauphins.<\/p>\n<p>R\u00e9servez d\u00e8s maintenant et se pr\u00e9parer pour une aventure qui combine le c\u0153ur battant d&#039;excitation avec la sereine beaut\u00e9 de l&#039;oc\u00e9an!<\/p>","protected":false},"excerpt":{"rendered":"<p>Experience the Thrill of a Lifetime with Our Exclusive 10-Person Speedboat Adventure! Get ready to feel the adrenaline rush as you zoom across the waves at breathtaking speeds. And that&#8217;s not all &#8211; immerse yourself in the beauty of nature as we take you to prime spots for dolphin sightings. Book now and prepare for [&hellip;]<\/p>","protected":false},"author":8,"featured_media":8686,"comment_status":"open","ping_status":"closed","template":"","meta":{"_acf_changed":false},"product_cat":[66],"product_tag":[119],"class_list":{"0":"post-6548","1":"product","2":"type-product","3":"status-publish","4":"has-post-thumbnail","6":"product_cat-rigid-inflatable-boat","7":"product_tag-diginautic","9":"first","10":"instock","11":"virtual","12":"taxable","13":"purchasable","14":"product-type-appointment"},"acf":[],"_links":{"self":[{"href":"https:\/\/pos.diginautic.com\/fr\/wp-json\/wp\/v2\/product\/6548","targetHints":{"allow":["GET"]}}],"collection":[{"href":"https:\/\/pos.diginautic.com\/fr\/wp-json\/wp\/v2\/product"}],"about":[{"href":"https:\/\/pos.diginautic.com\/fr\/wp-json\/wp\/v2\/types\/product"}],"author":[{"embeddable":true,"href":"https:\/\/pos.diginautic.com\/fr\/wp-json\/wp\/v2\/users\/8"}],"replies":[{"embeddable":true,"href":"https:\/\/pos.diginautic.com\/fr\/wp-json\/wp\/v2\/comments?post=6548"}],"version-history":[{"count":6,"href":"https:\/\/pos.diginautic.com\/fr\/wp-json\/wp\/v2\/product\/6548\/revisions"}],"predecessor-version":[{"id":10043,"href":"https:\/\/pos.diginautic.com\/fr\/wp-json\/wp\/v2\/product\/6548\/revisions\/10043"}],"wp:featuredmedia":[{"embeddable":true,"href":"https:\/\/pos.diginautic.com\/fr\/wp-json\/wp\/v2\/media\/8686"}],"wp:attachment":[{"href":"https:\/\/pos.diginautic.com\/fr\/wp-json\/wp\/v2\/media?parent=6548"}],"wp:term":[{"taxonomy":"product_cat","embeddable":true,"href":"https:\/\/pos.diginautic.com\/fr\/wp-json\/wp\/v2\/product_cat?post=6548"},{"taxonomy":"product_tag","embeddable":true,"href":"https:\/\/pos.diginautic.com\/fr\/wp-json\/wp\/v2\/product_tag?post=6548"}],"curies":[{"name":"wp","href":"https:\/\/api.w.org\/{rel}","templated":true}]}}