{"id":7333,"date":"2024-04-03T06:01:28","date_gmt":"2024-04-03T04:01:28","guid":{"rendered":"https:\/\/pos.diginautic.com\/?post_type=product&#038;p=7333"},"modified":"2024-05-25T02:15:33","modified_gmt":"2024-05-25T00:15:33","slug":"sunrise-fuengirola","status":"publish","type":"product","link":"https:\/\/pos.diginautic.com\/fr\/p\/sunrise-fuengirola\/","title":{"rendered":"Sunrise Fuengirola"},"content":{"rendered":"<p><strong>Lever de soleil-Fuengirola Excursion: le Luxe et le Lever de soleil Inoubliable<\/strong><\/p>\n<p>Le prix affich\u00e9 comprend une croisi\u00e8re de deux heures\/personne. 4personne minimum<\/p>\n<p>Montez \u00e0 bord du Majestic-390 pour un matin enchant\u00e9 \u00e0 Fuengirola. Profitez d'un petit d\u00e9jeuner gourmand en regardant le lever du soleil sur la M\u00e9diterran\u00e9e. L'exp\u00e9rience intime de croisi\u00e8re le long de la Costa del Sol, cr\u00e9er des souvenirs uniques avec le Lever du soleil-Fuengirola.<\/p>\n<p>R\u00e9servez d\u00e8s maintenant pour une exp\u00e9rience inoubliable!<\/p>","protected":false},"excerpt":{"rendered":"<p>Sunrise-Fuengirola Excursion: Luxury and Unforgettable Sunrise The price displayed for a two-hour cruise\/person. 4person\/mini Step aboard the Majestic-390 for an enchanting morning in Fuengirola. Enjoy a gourmet breakfast as you watch the sunrise over the Mediterranean. Experience an intimate cruise along the Costa del Sol, creating unique memories with Sunrise-Fuengirola. Book now for an unforgettable [&hellip;]<\/p>","protected":false},"author":8,"featured_media":8680,"comment_status":"open","ping_status":"closed","template":"","meta":{"_acf_changed":false},"product_cat":[77],"product_tag":[119],"class_list":{"0":"post-7333","1":"product","2":"type-product","3":"status-publish","4":"has-post-thumbnail","6":"product_cat-motorboat","7":"product_tag-diginautic","9":"first","10":"instock","11":"virtual","12":"taxable","13":"purchasable","14":"product-type-appointment"},"acf":[],"_links":{"self":[{"href":"https:\/\/pos.diginautic.com\/fr\/wp-json\/wp\/v2\/product\/7333","targetHints":{"allow":["GET"]}}],"collection":[{"href":"https:\/\/pos.diginautic.com\/fr\/wp-json\/wp\/v2\/product"}],"about":[{"href":"https:\/\/pos.diginautic.com\/fr\/wp-json\/wp\/v2\/types\/product"}],"author":[{"embeddable":true,"href":"https:\/\/pos.diginautic.com\/fr\/wp-json\/wp\/v2\/users\/8"}],"replies":[{"embeddable":true,"href":"https:\/\/pos.diginautic.com\/fr\/wp-json\/wp\/v2\/comments?post=7333"}],"version-history":[{"count":4,"href":"https:\/\/pos.diginautic.com\/fr\/wp-json\/wp\/v2\/product\/7333\/revisions"}],"predecessor-version":[{"id":9824,"href":"https:\/\/pos.diginautic.com\/fr\/wp-json\/wp\/v2\/product\/7333\/revisions\/9824"}],"wp:featuredmedia":[{"embeddable":true,"href":"https:\/\/pos.diginautic.com\/fr\/wp-json\/wp\/v2\/media\/8680"}],"wp:attachment":[{"href":"https:\/\/pos.diginautic.com\/fr\/wp-json\/wp\/v2\/media?parent=7333"}],"wp:term":[{"taxonomy":"product_cat","embeddable":true,"href":"https:\/\/pos.diginautic.com\/fr\/wp-json\/wp\/v2\/product_cat?post=7333"},{"taxonomy":"product_tag","embeddable":true,"href":"https:\/\/pos.diginautic.com\/fr\/wp-json\/wp\/v2\/product_tag?post=7333"}],"curies":[{"name":"wp","href":"https:\/\/api.w.org\/{rel}","templated":true}]}}